{"id":18,"date":"2012-12-14T16:01:28","date_gmt":"2012-12-14T16:01:28","guid":{"rendered":"http:\/\/www.marclopezcompositor.com\/?page_id=18"},"modified":"2016-12-30T19:48:57","modified_gmt":"2016-12-30T19:48:57","slug":"biografia","status":"publish","type":"page","link":"https:\/\/marclopezcompositor.com\/en\/biografia\/","title":{"rendered":"Biography"},"content":{"rendered":"<p><a href=\"http:\/\/marclopezcompositor.com\/wp-content\/uploads\/2012\/12\/P5210385.jpg\"><img loading=\"lazy\" class=\"alignleft wp-image-843\" src=\"http:\/\/marclopezcompositor.com\/wp-content\/uploads\/2012\/12\/P5210385-768x1024.jpg\" alt=\"\" width=\"450\" height=\"600\" srcset=\"https:\/\/marclopezcompositor.com\/wp-content\/uploads\/2012\/12\/P5210385-768x1024.jpg 768w, https:\/\/marclopezcompositor.com\/wp-content\/uploads\/2012\/12\/P5210385-225x300.jpg 225w, https:\/\/marclopezcompositor.com\/wp-content\/uploads\/2012\/12\/P5210385.jpg 1920w\" sizes=\"(max-width: 450px) 100vw, 450px\" \/><\/a><\/p>\n<p style=\"text-align: justify;\">Marc Lopez is a composer committed to excellence in Contemporary Music. He has writen many compositions for a wide range of instruments and chamber music ensembles, and for the symphony orchestra also. He explores different ways to amplify and redefine the boundaries of Contemporary Music through his compositions. His creative work is often based in compositional techniques of recent avant-garde streams, but he always keeps in mind the challenge of bringing today\u2019s music closer to the audience.<\/p>\n<p>His guitar solo work <em>Autumnal Elegy<\/em> has been included in the CD <em><a href=\"http:\/\/www.naxos.com\/catalogue\/item.asp?item_code=8.573409\" target=\"_blank\"><strong>21st Century Spanish Guitar, Vol. 2<\/strong> <\/a><\/em>released by Naxos on October 2016. This guitar solo work was commissioned and premiered in Platja d\u2019Aro on August 16th 2013 by the outstanding guitar performer <strong><a title=\"http:\/\/www.adamlevinguitar.com\/about\/\" href=\"http:\/\/www.adamlevinguitar.com\/about\/\" target=\"_blank\">Adam Levin<\/a><\/strong>. His guitar trio <em>Llums<\/em> was premiered in the <em>Auditori Josep Viader<\/em> in the <em>Casa de Cultura de Girona<\/em> on July 17th 2015. Both premieres took place in two concerts of the 2013 and 2015 editions of the Girona Guitar Festival. <em>Spectrum Distortions II<\/em> for string quartet was premiered in Sant Mart\u00ed d\u2019Emp\u00faries on July 20th 2013 by the Italian string quartet Meridies. His <em>Sinfonietta <\/em>for string orchestra, premiered by the <em>Orquestra de Girona<\/em> at <em>l\u2019Auditori de Girona<\/em> (Spain) on December 21st 2012, and <em>Iridescences<\/em> for full orchestra, premiered by the Carnegie Mellon Philharmonic Orchestra at Soldiers and Sailors Memorial Hall in Pittsburgh (USA) on March 2nd 2012, are outstanding examples of his work. <em>Si parlo de la mort\u2026<\/em>, a work for violoncello solo inspired by Miquel Mart\u00ed i Pol\u2019s poem, was chosen to be featured in a TV program broadcast by Catalan public television on August 2007.<\/p>\n<p style=\"text-align: justify;\">Marc Lopez has received commissions from several institutions and festivals, including the Girona Guitar Festival, <strong><a title=\"Associaci\u00f3 Pau Casals\" href=\"http:\/\/associaciopaucasals.cat\/\" target=\"_blank\"><em>Associaci\u00f3 Cultural Pau Casals<\/em><\/a><\/strong>, <strong><a title=\"OdG\" href=\"http:\/\/www.orquestradegirona.org\/?ln=en\" target=\"_blank\"><em>Orquestra de Girona<\/em><\/a><\/strong>, Adam Levin, <strong><a title=\"SCIC\" href=\"http:\/\/www.scic.cat\/\" target=\"_blank\">SCIC<\/a><\/strong> (<em>Secretariat de Corals Infantils de Catalunya<\/em>), and\u00a0 <em>Jove Orquestra del Giron\u00e8s<\/em>, for whom he wrote the orchestral piece <em>Geri\u00f3<\/em>,\u00a0included in the CD <em>Suite Giron\u00e8s <\/em>(2011).<\/p>\n<p style=\"text-align: justify;\">He has studied guitar at <em>Conservatori de M\u00fasica Isaac Alb\u00e9niz<\/em> in Girona, and composition at <strong><a title=\"ESMuC\" href=\"http:\/\/www.esmuc.cat\/\" target=\"_blank\"><em>Escola Superior de Musica de Catalunya<\/em><\/a><\/strong> in Barcelona and at <a title=\"Carnegie Mellon School of Music\" href=\"http:\/\/music.cmu.edu\/\" target=\"_blank\"><strong>Carnegie Mellon University<\/strong><\/a> in Pittsburgh, where he graduated in the Master of Music Composition program. Among his principal teachers are <strong><a title=\"http:\/\/www.andrew.cmu.edu\/user\/balada\/index.htm\" href=\"http:\/\/www.andrew.cmu.edu\/user\/balada\/index.htm\" target=\"_blank\">Leonardo Balada<\/a><\/strong>, Agust\u00ed Charles and Christophe Havel. He has attended master classes and seminars with Steven Stucky, Kaiha Saariaho, Helmut Lachenmann, and the Jack String Quartet. He also studied Musicology (<em>Hist\u00f2ria i Ci\u00e8ncies de la M\u00fasica<\/em>) at <em>Universitat Aut\u00f2noma de Barcelona<\/em>, and Music Education (<em>Diplomatura de Mestre d\u2019Educaci\u00f3 Musical<\/em>) at <em>Universitat de Girona<\/em>. He is a member of the <strong><a title=\"http:\/\/www.pikappalambda.org\/\" href=\"http:\/\/www.pikappalambda.org\/\" target=\"_blank\">Pi Kappa Lambda National Music Honor Society<\/a><\/strong> (USA) since May 2012.<\/p>\n<p><\/p>","protected":false},"excerpt":{"rendered":"<p>Marc Lopez is a composer committed to excellence in Contemporary Music. He has writen many compositions for a wide range of instruments and chamber music ensembles, and for the symphony orchestra also. He explores different ways to amplify and redefine &hellip; <a href=\"https:\/\/marclopezcompositor.com\/en\/biografia\/\">Continue reading <span class=\"meta-nav\">&rarr;<\/span><\/a><\/p>\n","protected":false},"author":1,"featured_media":0,"parent":0,"menu_order":0,"comment_status":"closed","ping_status":"closed","template":"","meta":[],"_links":{"self":[{"href":"https:\/\/marclopezcompositor.com\/en\/wp-json\/wp\/v2\/pages\/18"}],"collection":[{"href":"https:\/\/marclopezcompositor.com\/en\/wp-json\/wp\/v2\/pages"}],"about":[{"href":"https:\/\/marclopezcompositor.com\/en\/wp-json\/wp\/v2\/types\/page"}],"author":[{"embeddable":true,"href":"https:\/\/marclopezcompositor.com\/en\/wp-json\/wp\/v2\/users\/1"}],"replies":[{"embeddable":true,"href":"https:\/\/marclopezcompositor.com\/en\/wp-json\/wp\/v2\/comments?post=18"}],"version-history":[{"count":86,"href":"https:\/\/marclopezcompositor.com\/en\/wp-json\/wp\/v2\/pages\/18\/revisions"}],"predecessor-version":[{"id":873,"href":"https:\/\/marclopezcompositor.com\/en\/wp-json\/wp\/v2\/pages\/18\/revisions\/873"}],"wp:attachment":[{"href":"https:\/\/marclopezcompositor.com\/en\/wp-json\/wp\/v2\/media?parent=18"}],"curies":[{"name":"wp","href":"https:\/\/api.w.org\/{rel}","templated":true}]}}