{"id":18,"date":"2012-12-14T16:01:28","date_gmt":"2012-12-14T16:01:28","guid":{"rendered":"http:\/\/www.marclopezcompositor.com\/?page_id=18"},"modified":"2016-12-30T19:48:57","modified_gmt":"2016-12-30T19:48:57","slug":"biografia","status":"publish","type":"page","link":"https:\/\/marclopezcompositor.com\/es\/biografia\/","title":{"rendered":"Biograf\u00eda"},"content":{"rendered":"<p><a href=\"http:\/\/marclopezcompositor.com\/wp-content\/uploads\/2012\/12\/P5210385.jpg\"><img loading=\"lazy\" class=\"alignleft wp-image-843\" src=\"http:\/\/marclopezcompositor.com\/wp-content\/uploads\/2012\/12\/P5210385-768x1024.jpg\" alt=\"\" width=\"450\" height=\"600\" srcset=\"https:\/\/marclopezcompositor.com\/wp-content\/uploads\/2012\/12\/P5210385-768x1024.jpg 768w, https:\/\/marclopezcompositor.com\/wp-content\/uploads\/2012\/12\/P5210385-225x300.jpg 225w, https:\/\/marclopezcompositor.com\/wp-content\/uploads\/2012\/12\/P5210385.jpg 1920w\" sizes=\"(max-width: 450px) 100vw, 450px\" \/><\/a><\/p>\n<p style=\"text-align: justify;\">Marc L\u00f3pez es un compositor comprometido con la excelencia en el campo de la m\u00fasica contempor\u00e1nea. Ha escrito diversas obras para una amplia gama de instrumentos y conjuntos de c\u00e1mara, y tambi\u00e9n para la orquesta sinf\u00f3nica. Se dedica a explorar diferentes formas de ampliar y redefinir los l\u00edmites de la m\u00fasica contempor\u00e1nea a trav\u00e9s de su trabajo compositivo. As\u00ed, con la versatilidad como valor transversal, su actividad creativa se basa a menudo en t\u00e9cnicas compositivas propias de las corrientes vanguardistas m\u00e1s recientes, pero sin perder nunca de vista el reto de acercar la m\u00fasica actual a un abanico de p\u00fablico lo m\u00e1s amplio e inclusivo posible.<\/p>\n<p style=\"text-align: justify;\"><em>Eleg\u00eda Oto\u00f1al<\/em>, una obra para guitarra cl\u00e1sica encargada por el prestigioso guitarrista <strong><a title=\"http:\/\/www.adamlevinguitar.com\/es\/trayectoria\/\" href=\"http:\/\/www.adamlevinguitar.com\/es\/trayectoria\/\" target=\"_blank\">Adam Levin<\/a><\/strong>, ha sido incluida en el CD <em><a href=\"http:\/\/www.naxos.com\/catalogue\/item.asp?item_code=8.573409\" target=\"_blank\"><strong>21st Century Spanish Guitar, Vol. 2<\/strong><\/a><\/em>\u00a0que la compa\u00f1\u00eda discogr\u00e1fica Naxos ha editado en octubre de 2016. Esta obra fue estrenada por el mismo Adam Levin el 16 de agosto de 2013 en Platja D\u2019Aro, en uno de los conciertos del Festival de Guitarra de Girona. Su trio para guitarras <em>Llums<\/em> se estren\u00f3 en el auditorio Josep Viader de la casa de Cultura de Girona el 17 de julio de 2015 en otro concierto del mismo festival. <em>Spectrum Distortions<\/em>, para cuarteto de cuerda, fue estrenada por el cuarteto italiano Meridies el 20 de julio del mismo a\u00f1o, en uno de los conciertos del ciclo <em>Concerts de Cl\u00e0ssica <\/em>de Sant Mart\u00ed d\u2019Emp\u00faries. Otros ejemplos destacados de su trabajo son su <em>Sinfonietta<\/em> para a orquesta de cuerda, estrenada en el Auditori de Girona el 21 de diciembre de 2012, o <em>Iridescencias<\/em>, para orquesta sinf\u00f3nica, con una menci\u00f3n en el concurso <em>8th Annual Young Composers Reading Session of the Pittsburgh Symphony Orchestra 2012. Si parlo de la mort\u2026, <\/em>una obra para violoncelo solo inspirada en el poema hom\u00f3nimo del poeta catal\u00e1n Miquel Mart\u00ed i Pol, fue seleccionada para formar parte de un episodio del programa de contenidos culturales <em>Tarasca<\/em>, emitido en agosto de 2007 por el Canal 33 de la televisi\u00f3n p\u00fablica catalana.<\/p>\n<p style=\"text-align: justify;\">Marc L\u00f3pez ha recibido encargos de la <strong><a title=\"Asociaci\u00f3n Pau Casals\" href=\"http:\/\/associaciopaucasals.cat\/\" target=\"_blank\">Associaci\u00f3n Cultural Pau Casals<\/a><\/strong>,\u00a0de la <strong><a title=\"OdG\" href=\"http:\/\/www.orquestradegirona.org\/?ln=es\" target=\"_blank\">Orquesta de Girona<\/a><\/strong>, y del prestigioso concertista norteamericano Adam Levin. Ha sido receptor del programa de Incentivos a la Creaci\u00f3n Musical de la SGAE los a\u00f1os 2013 y 2014. Ha realizado los arreglos y armonizaci\u00f3n para coro infantil a 2 y 3 voces y acompa\u00f1amiento de \u00f3rgano de dos canciones tradicionales catalanas editadas y publicadas por el <strong><a title=\"SCIC\" href=\"http:\/\/www.scic.cat\/\" target=\"_blank\">SCIC<\/a><\/strong> (<em>Secretariat de Corals Infantils de Catalunya<\/em>),\u00a0dentro del volumen <em>Patrimoni Coral XI<\/em> de la serie editorial <em>Repertori de Can\u00e7ons Tradicionals Catalanes<\/em>. Tambi\u00e9n escribi\u00f3 la pieza <em>Geri\u00f3<\/em> para la <em>Jove Orquestra del Giron\u00e8s<\/em>, que se incluy\u00f3 en el CD <em>Suite Giron\u00e8s,<\/em> editado en 2011.<\/p>\n<p style=\"text-align: justify;\">Ha realizado estudios de guitarra en el Conservatorio de M\u00fasica Isaac Alb\u00e9niz de Girona, i de composici\u00f3n en la <strong><a title=\"ESMuC\" href=\"http:\/\/www.esmuc.cat\/\" target=\"_blank\">Escuela Superior de M\u00fasica de Catalunya<\/a><\/strong> en Barcelona y en la <strong><a title=\"Carnegie Mellon School of Music\" href=\"http:\/\/music.cmu.edu\/\" target=\"_blank\"><em>Carnegie Mellon University <\/em><\/a><\/strong>de Pittsburgh, en los EEUU, donde una beca le facilita el acceso al programa de m\u00e1ster en Composici\u00f3n Musical de esta prestigiosa universidad. All\u00ed ha ampliado su formaci\u00f3n bajo el maestrazgo del compositor <strong><a title=\"http:\/\/www.andrew.cmu.edu\/user\/balada\/index.htm\" href=\"http:\/\/www.andrew.cmu.edu\/user\/balada\/index.htm\" target=\"_blank\">Leonardo Balada<\/a><\/strong>. A lo largo de todos estos a\u00f1os tambi\u00e9n ha tenido la oportunidad de estudiar con importantes compositores como Agust\u00ed Charles, Christophe Havel, Miquel Sunyer y Llu\u00eds Verg\u00e9s, entre otros. Tambi\u00e9n ha asistido a <em>masterclasses<\/em> y seminarios con Helmut Lachenmann, Steven Stucky, Kaiha Saariaho, y a las <em>Reading Sessions<\/em> del prestigioso cuarteto de cuerda norteamericano <em>Jack String Quartet<\/em> en la <em>Carnegie Mellon University<\/em> los a\u00f1os 2011 y 2012. Es licenciado en Historia y Ciencias de la M\u00fasica por la Universidad Aut\u00f3noma de Barcelona, tiene una Diplomatura de Maestro de Educaci\u00f3n Musical por la Universidad de Girona, y tambi\u00e9n es miembro de la <strong><a title=\"http:\/\/www.pikappalambda.org\/\" href=\"http:\/\/www.pikappalambda.org\/\" target=\"_blank\"><em>Pi Kappa Lambda National Music Honor Society<\/em><\/a><\/strong> (EEUU) desde mayo de 2012.<\/p>\n<p><\/p>","protected":false},"excerpt":{"rendered":"<p>Marc L\u00f3pez es un compositor comprometido con la excelencia en el campo de la m\u00fasica contempor\u00e1nea. Ha escrito diversas obras para una amplia gama de instrumentos y conjuntos de c\u00e1mara, y tambi\u00e9n para la orquesta sinf\u00f3nica. Se dedica a explorar &hellip; <a href=\"https:\/\/marclopezcompositor.com\/es\/biografia\/\">Sigue leyendo <span class=\"meta-nav\">&rarr;<\/span><\/a><\/p>\n","protected":false},"author":1,"featured_media":0,"parent":0,"menu_order":0,"comment_status":"closed","ping_status":"closed","template":"","meta":[],"_links":{"self":[{"href":"https:\/\/marclopezcompositor.com\/es\/wp-json\/wp\/v2\/pages\/18"}],"collection":[{"href":"https:\/\/marclopezcompositor.com\/es\/wp-json\/wp\/v2\/pages"}],"about":[{"href":"https:\/\/marclopezcompositor.com\/es\/wp-json\/wp\/v2\/types\/page"}],"author":[{"embeddable":true,"href":"https:\/\/marclopezcompositor.com\/es\/wp-json\/wp\/v2\/users\/1"}],"replies":[{"embeddable":true,"href":"https:\/\/marclopezcompositor.com\/es\/wp-json\/wp\/v2\/comments?post=18"}],"version-history":[{"count":86,"href":"https:\/\/marclopezcompositor.com\/es\/wp-json\/wp\/v2\/pages\/18\/revisions"}],"predecessor-version":[{"id":873,"href":"https:\/\/marclopezcompositor.com\/es\/wp-json\/wp\/v2\/pages\/18\/revisions\/873"}],"wp:attachment":[{"href":"https:\/\/marclopezcompositor.com\/es\/wp-json\/wp\/v2\/media?parent=18"}],"curies":[{"name":"wp","href":"https:\/\/api.w.org\/{rel}","templated":true}]}}