{"id":4,"date":"2012-12-13T18:04:45","date_gmt":"2012-12-13T18:04:45","guid":{"rendered":"http:\/\/www.marclopezcompositor.com\/?page_id=4"},"modified":"2017-09-07T06:37:23","modified_gmt":"2017-09-07T06:37:23","slug":"presentacio","status":"publish","type":"page","link":"https:\/\/marclopezcompositor.com\/es\/","title":{"rendered":"Marc L\u00f3pez Godoy"},"content":{"rendered":"<p><\/p>\n<h1><a href=\"http:\/\/marclopezcompositor.com\/wp-content\/uploads\/2012\/12\/Marc-075.jpg\"><img loading=\"lazy\" class=\"alignright size-full wp-image-830\" src=\"http:\/\/marclopezcompositor.com\/wp-content\/uploads\/2012\/12\/Marc-075.jpg\" alt=\"Marc 075\" width=\"900\" height=\"600\" srcset=\"https:\/\/marclopezcompositor.com\/wp-content\/uploads\/2012\/12\/Marc-075.jpg 900w, https:\/\/marclopezcompositor.com\/wp-content\/uploads\/2012\/12\/Marc-075-300x200.jpg 300w, https:\/\/marclopezcompositor.com\/wp-content\/uploads\/2012\/12\/Marc-075-450x300.jpg 450w\" sizes=\"(max-width: 900px) 100vw, 900px\" \/><\/a>Compositor<\/h1>\n<p>Bienvenidos! Soy Marc L\u00f3pez, un compositor que lleva a cabo su trabajo en el campo de la m\u00fasica contempor\u00e1nea.<\/p>\n<p>Esta p\u00e1gina web da a conocer mis actividades art\u00edsticas y musicales a trav\u00e9s de internet. En sus diferentes secciones pod\u00e9is encontrar mi biograf\u00eda, las \u00faltimas novedades sobre mis actividades art\u00edsticas, fotograf\u00edas -de conciertos, estrenos y otros acontecimientos-, algunos ejemplos de mi m\u00fasica y mis datos de contacto. En la nueva secci\u00f3n <strong><a href=\"http:\/\/marclopezcompositor.com\/es\/descarregues\/\" target=\"_blank\">Descargas<\/a><\/strong> os pod\u00e9is descargar algunos documentos en formato pdf como la biograf\u00eda y el CV.<\/p>\n<p style=\"text-align: center;\"><a href=\"https:\/\/www.facebook.com\/marc.lopezgodoy\" target=\"_blank\"><img loading=\"lazy\" class=\"wp-image-203\" title=\"Facebook\" src=\"http:\/\/www.marclopezcompositor.com\/wp-content\/uploads\/2012\/12\/1356711960_social_facebook_box_white.png\" alt=\"\" width=\"30\" height=\"30\" \/><\/a><a href=\"https:\/\/twitter.com\/MarcLopezGodoy\" target=\"_blank\"><img loading=\"lazy\" class=\"wp-image-202\" title=\"Twitter\" src=\"http:\/\/www.marclopezcompositor.com\/wp-content\/uploads\/2012\/12\/1356711970_social_twitter_box_white.png\" alt=\"\" width=\"30\" height=\"30\" \/><\/a><a class=\"wp-image-201\" title=\"1356711981_social_linkedin_box_white\" href=\"https:\/\/es.linkedin.com\/in\/marclopezcompositor\" target=\"_blank\"><img loading=\"lazy\" class=\"wp-image-201\" title=\"Linked In\" src=\"http:\/\/www.marclopezcompositor.com\/wp-content\/uploads\/2012\/12\/1356711981_social_linkedin_box_white.png\" alt=\"\" width=\"30\" height=\"30\" \/> <\/a><!--more--><\/p>\n<p><\/p>","protected":false},"excerpt":{"rendered":"<p>Disculpa, pero esta entrada est\u00e1 disponible s\u00f3lo en Ingl\u00e9s Estadounidense.<\/p>\n","protected":false},"author":1,"featured_media":0,"parent":0,"menu_order":0,"comment_status":"closed","ping_status":"closed","template":"","meta":[],"_links":{"self":[{"href":"https:\/\/marclopezcompositor.com\/es\/wp-json\/wp\/v2\/pages\/4"}],"collection":[{"href":"https:\/\/marclopezcompositor.com\/es\/wp-json\/wp\/v2\/pages"}],"about":[{"href":"https:\/\/marclopezcompositor.com\/es\/wp-json\/wp\/v2\/types\/page"}],"author":[{"embeddable":true,"href":"https:\/\/marclopezcompositor.com\/es\/wp-json\/wp\/v2\/users\/1"}],"replies":[{"embeddable":true,"href":"https:\/\/marclopezcompositor.com\/es\/wp-json\/wp\/v2\/comments?post=4"}],"version-history":[{"count":113,"href":"https:\/\/marclopezcompositor.com\/es\/wp-json\/wp\/v2\/pages\/4\/revisions"}],"predecessor-version":[{"id":1004,"href":"https:\/\/marclopezcompositor.com\/es\/wp-json\/wp\/v2\/pages\/4\/revisions\/1004"}],"wp:attachment":[{"href":"https:\/\/marclopezcompositor.com\/es\/wp-json\/wp\/v2\/media?parent=4"}],"curies":[{"name":"wp","href":"https:\/\/api.w.org\/{rel}","templated":true}]}}