{"id":67,"date":"2012-12-14T20:21:56","date_gmt":"2012-12-14T20:21:56","guid":{"rendered":"http:\/\/www.marclopezcompositor.com\/?page_id=67"},"modified":"2012-12-14T20:21:56","modified_gmt":"2012-12-14T20:21:56","slug":"avis-legal","status":"publish","type":"page","link":"https:\/\/marclopezcompositor.com\/es\/avis-legal\/","title":{"rendered":"Aviso legal"},"content":{"rendered":"<p>Los textos, im\u00e1genes, animaciones, dise\u00f1os y arquitecturas de la informaci\u00f3n digital contenidos en esta Web son propiedad exclusiva de Marc L\u00f3pez Godoy. Cualquier acto de transmisi\u00f3n, distribuci\u00f3n, cesi\u00f3n, reproducci\u00f3n, almacenaje o comunicaci\u00f3n p\u00fablica total o parcial, deben tener el consentimiento expreso de Marc L\u00f3pez Godoy.<\/p>","protected":false},"excerpt":{"rendered":"<p>Los textos, im\u00e1genes, animaciones, dise\u00f1os y arquitecturas de la informaci\u00f3n digital contenidos en esta Web son propiedad exclusiva de Marc L\u00f3pez Godoy. Cualquier acto de transmisi\u00f3n, distribuci\u00f3n, cesi\u00f3n, reproducci\u00f3n, almacenaje o comunicaci\u00f3n p\u00fablica total o parcial, deben tener el consentimiento &hellip; <a href=\"https:\/\/marclopezcompositor.com\/es\/avis-legal\/\">Sigue leyendo <span class=\"meta-nav\">&rarr;<\/span><\/a><\/p>\n","protected":false},"author":1,"featured_media":0,"parent":0,"menu_order":0,"comment_status":"closed","ping_status":"closed","template":"","meta":[],"_links":{"self":[{"href":"https:\/\/marclopezcompositor.com\/es\/wp-json\/wp\/v2\/pages\/67"}],"collection":[{"href":"https:\/\/marclopezcompositor.com\/es\/wp-json\/wp\/v2\/pages"}],"about":[{"href":"https:\/\/marclopezcompositor.com\/es\/wp-json\/wp\/v2\/types\/page"}],"author":[{"embeddable":true,"href":"https:\/\/marclopezcompositor.com\/es\/wp-json\/wp\/v2\/users\/1"}],"replies":[{"embeddable":true,"href":"https:\/\/marclopezcompositor.com\/es\/wp-json\/wp\/v2\/comments?post=67"}],"version-history":[{"count":2,"href":"https:\/\/marclopezcompositor.com\/es\/wp-json\/wp\/v2\/pages\/67\/revisions"}],"predecessor-version":[{"id":69,"href":"https:\/\/marclopezcompositor.com\/es\/wp-json\/wp\/v2\/pages\/67\/revisions\/69"}],"wp:attachment":[{"href":"https:\/\/marclopezcompositor.com\/es\/wp-json\/wp\/v2\/media?parent=67"}],"curies":[{"name":"wp","href":"https:\/\/api.w.org\/{rel}","templated":true}]}}