{"id":70,"date":"2012-12-14T20:35:14","date_gmt":"2012-12-14T20:35:14","guid":{"rendered":"http:\/\/www.marclopezcompositor.com\/?page_id=70"},"modified":"2013-06-05T16:12:38","modified_gmt":"2013-06-05T16:12:38","slug":"politica-de-privacitat","status":"publish","type":"page","link":"https:\/\/marclopezcompositor.com\/es\/politica-de-privacitat\/","title":{"rendered":"Pol\u00edtica de privacidad"},"content":{"rendered":"<p><\/p>\n<p>Marc L\u00f3pez Godoy le informa de que sus datos personales quedar\u00e1n incorporados en un fichero automatizado, que ser\u00e1 procesado exclusivamente para la finalidad de prestarle un servicio adecuado. Asimismo y de conformidad con la Ley de protecci\u00f3n de datos (LOPD), en cualquier momento puede ejercitar los derechos de acceso, rectificaci\u00f3n, cancelaci\u00f3n y oposici\u00f3n, previstos en la Ley, dirigiendo un correo electr\u00f3nico a marclopez.compositor@gmail.com<\/p>\n<p><\/p>","protected":false},"excerpt":{"rendered":"<p>Marc L\u00f3pez Godoy le informa de que sus datos personales quedar\u00e1n incorporados en un fichero automatizado, que ser\u00e1 procesado exclusivamente para la finalidad de prestarle un servicio adecuado. Asimismo y de conformidad con la Ley de protecci\u00f3n de datos (LOPD), &hellip; <a href=\"https:\/\/marclopezcompositor.com\/es\/politica-de-privacitat\/\">Sigue leyendo <span class=\"meta-nav\">&rarr;<\/span><\/a><\/p>\n","protected":false},"author":1,"featured_media":0,"parent":0,"menu_order":0,"comment_status":"closed","ping_status":"closed","template":"","meta":[],"_links":{"self":[{"href":"https:\/\/marclopezcompositor.com\/es\/wp-json\/wp\/v2\/pages\/70"}],"collection":[{"href":"https:\/\/marclopezcompositor.com\/es\/wp-json\/wp\/v2\/pages"}],"about":[{"href":"https:\/\/marclopezcompositor.com\/es\/wp-json\/wp\/v2\/types\/page"}],"author":[{"embeddable":true,"href":"https:\/\/marclopezcompositor.com\/es\/wp-json\/wp\/v2\/users\/1"}],"replies":[{"embeddable":true,"href":"https:\/\/marclopezcompositor.com\/es\/wp-json\/wp\/v2\/comments?post=70"}],"version-history":[{"count":4,"href":"https:\/\/marclopezcompositor.com\/es\/wp-json\/wp\/v2\/pages\/70\/revisions"}],"predecessor-version":[{"id":72,"href":"https:\/\/marclopezcompositor.com\/es\/wp-json\/wp\/v2\/pages\/70\/revisions\/72"}],"wp:attachment":[{"href":"https:\/\/marclopezcompositor.com\/es\/wp-json\/wp\/v2\/media?parent=70"}],"curies":[{"name":"wp","href":"https:\/\/api.w.org\/{rel}","templated":true}]}}